{"id":365,"date":"2022-07-19T15:18:26","date_gmt":"2022-07-19T15:18:26","guid":{"rendered":"https:\/\/nepting.com\/?page_id=365"},"modified":"2023-10-23T08:56:12","modified_gmt":"2023-10-23T08:56:12","slug":"about","status":"publish","type":"page","link":"https:\/\/www.nepting.com\/en\/about\/","title":{"rendered":"About Us"},"content":{"rendered":"\n<div class=\"wp-block-columns is-layout-flex wp-container-core-columns-is-layout-9d6595d7 wp-block-columns-is-layout-flex\">\n<div class=\"wp-block-column is-layout-flow wp-block-column-is-layout-flow\">\n<div class=\"wp-block-cover is-light d-none d-md-flex\" style=\"min-height:100vh;aspect-ratio:unset;\"><span aria-hidden=\"true\" class=\"wp-block-cover__background has-background-dim-0 has-background-dim\"><\/span><img decoding=\"async\" width=\"615\" height=\"889\" class=\"wp-block-cover__image-background wp-image-1694\" alt=\"About US\nVille de Montpellier ou se situe les locaux Nepting, entreprise de solution de paiement par cartes\" src=\"\/\/nepting.com\/wp-content\/uploads\/2022\/08\/About-3.svg\" style=\"object-position:100% 100%\" data-object-fit=\"cover\" data-object-position=\"100% 100%\"\/><div class=\"wp-block-cover__inner-container is-layout-flow wp-block-cover-is-layout-flow\">\n<p class=\"has-text-align-center has-large-font-size\"><\/p>\n<\/div><\/div>\n\n\n\n<figure class=\"wp-block-image size-large is-resized d-md-none\"><img decoding=\"async\" width=\"1233\" height=\"683\" src=\"https:\/\/nepting.com\/wp-content\/uploads\/2022\/08\/img-montpellier-781-1233x683.jpg\" alt=\"\" class=\"wp-image-1445\" style=\"width:1233px;height:683px\"\/><\/figure>\n<\/div>\n\n\n\n<div class=\"wp-block-column is-layout-flow wp-block-column-is-layout-flow\">\n<div class=\"wp-block-cover is-light has-custom-content-position is-position-top-center wavy-bg-sm\" style=\"min-height:100vh;aspect-ratio:unset;\"><span aria-hidden=\"true\" class=\"wp-block-cover__background has-background-dim-0 has-background-dim\"><\/span><img decoding=\"async\" width=\"569\" height=\"1018\" class=\"wp-block-cover__image-background wp-image-1633\" alt=\"About US\" src=\"\/\/nepting.com\/wp-content\/uploads\/2022\/08\/icon-a-propos-v2-1.svg\" style=\"object-position:90% 100%\" data-object-fit=\"cover\" data-object-position=\"90% 100%\"\/><div class=\"wp-block-cover__inner-container is-layout-flow wp-block-cover-is-layout-flow\">\n<div class=\"wp-block-columns is-layout-flex wp-container-core-columns-is-layout-9d6595d7 wp-block-columns-is-layout-flex\">\n<div class=\"wp-block-column is-layout-flow wp-block-column-is-layout-flow\" style=\"flex-basis:60%\">\n<div style=\"height:50px\" aria-hidden=\"true\" class=\"wp-block-spacer\"><\/div>\n\n\n\n<h1 class=\"wp-block-heading has-large-font-size\"><strong>NEPTING<\/strong><\/h1>\n\n\n\n<p>Created in September 2012 in Montpellier (France) by Martine Aubry, <a href=\"https:\/\/www.bfmtv.com\/economie\/decryptage-nepting_VN-202205310386.html\" target=\"_blank\" rel=\"noreferrer noopener\">Jean-Paul Dalmas<\/a>, Jean-Fran\u00e7ois Cotte and Fr\u00e9d\u00e9ric Renault, Nepting was born from the idea that electronic payment acceptance should be based on a secure technology and above all agile and open.&nbsp;<\/p>\n\n\n\n<p>Facing the evolution of payment technologies, merchants are often helpless in the face of the avalanche of novelties in the sector. The question that kept coming up: How do I make the right choice without making a mistake?<\/p>\n\n\n\n<p>Nepting replies: Enter the Movement and keep the control!<\/p>\n<\/div>\n<\/div>\n<\/div><\/div>\n<\/div>\n<\/div>\n\n\n\n<figure class=\"wp-block-image size-large dotted-line dotted-line-7 d-none d-md-flex\"><img decoding=\"async\" width=\"432\" height=\"324\" src=\"https:\/\/nepting.com\/wp-content\/uploads\/2022\/08\/icon-line-1-1.svg\" alt=\"About US\" class=\"wp-image-851\"\/><\/figure>\n\n\n<div class=\"wp-bootstrap-blocks-container container mb-2\">\n\t\n<div class=\"wp-bootstrap-blocks-row row\">\n\t\n\n<div class=\"col-12 col-lg-5 offset-lg-1\">\n\t\t\t\n\n<p>With more than 20 years of experience in payment acceptance for commerce, the 4 co-founders have built an agile Cloud platform based on a light client technology that centralizes intelligence to better secure it and use payment terminals as an interaction interface with consumers. Long before the arrival of Android devices, Nepting&#8217;s team had, therefore, understood that the interaction between the merchant and the consumer would be the key to tomorrow\u2019s client relationship.&nbsp;<\/p>\n\n\t<\/div>\n\n\n\n<div class=\"col-12 col-lg-5\">\n\t\t\t\n\n<p>10 years later, Nepting is proud to have obtained all the necessary approvals and <a href=\"https:\/\/www.francecompetences.fr\/recherche\/rs\/2916\/#:~:text=La%20certification%20garantit%20que%20les,tant%20que%20tiers%20de%20confiance\">certifications<\/a> for the French market by even being the first acceptance player to have an Android terminal approved in France. This is a proof of the agility of its team. Present in Morocco, Algeria and partnering cross-bording transactions in some European countries, Nepting is embarking on a phase of active international development.<\/p>\n\n\t<\/div>\n\n<\/div>\n\n<\/div>\n\n\n\n<figure class=\"wp-block-image size-large dotted-line dotted-line-8 d-none d-md-flex\"><img decoding=\"async\" width=\"545\" height=\"220\" src=\"https:\/\/nepting.com\/wp-content\/uploads\/2022\/08\/icone-plane-line.svg\" alt=\"About US\" class=\"wp-image-875\"\/><\/figure>\n\n\n<div class=\"wp-bootstrap-blocks-container container mb-2 block-founders\">\n\t\n<div class=\"wp-bootstrap-blocks-row row\">\n\t\n\n<div class=\"col-12\">\n\t\t\t\t<\/div>\n\n<\/div>\n\n<\/div>\n\n\n\n<h2 class=\"wp-block-heading has-text-align-center\"><strong>Our Team<\/strong><\/h2>\n\n\n\n<figure class=\"wp-block-image alignfull size-large\"><img decoding=\"async\" width=\"1233\" height=\"625\" src=\"https:\/\/nepting.com\/wp-content\/uploads\/2022\/08\/img-notre-equipe-1233x625.jpg\" alt=\"About US\n\nL'ensemble de l'\u00e9quipe Nepting, entreprise de solution de paiement par cartes\" class=\"wp-image-1267\"\/><\/figure>\n\n\n\n<div style=\"height:54px\" aria-hidden=\"true\" class=\"wp-block-spacer\"><\/div>\n\n\n<div class=\"wp-bootstrap-blocks-container container mb-2 block-values\">\n\t\n<div class=\"wp-bootstrap-blocks-row row pt-lg-5\">\n\t\n\n<div class=\"col-12 col-lg-10 offset-lg-1\">\n\t\t\t\n\n<h2 class=\"wp-block-heading\"><strong>Our Values<\/strong><\/h2>\n\n\n\n<div style=\"height:48px\" aria-hidden=\"true\" class=\"wp-block-spacer\"><\/div>\n\n\n<div class=\"wp-bootstrap-blocks-row row gy-4\">\n\t\n\n<div class=\"col-12 col-xl-6\">\n\t\t\t<div class=\"h-100 bg-secondary p-5\">\n\t\t\t\n<div class=\"wp-bootstrap-blocks-row row align-items-md-center align-items-xl-start\">\n\t\n\n<div class=\"col-12 col-md-3 col-xl-4\">\n\t\t\t\n\n<figure class=\"wp-block-image size-large\"><img decoding=\"async\" width=\"103\" height=\"74\" src=\"\/\/nepting.com\/wp-content\/uploads\/2022\/08\/icon-commercant.svg\" alt=\"\" class=\"wp-image-712\"\/><\/figure>\n\n\t<\/div>\n\n\n\n<div class=\"col-12 col-md-9 col-xl-8\">\n\t\t\t\n\n<p style=\"font-size:1.2em\"><strong>Merchant<\/strong><\/p>\n\n\n\n<p>We place him at the center of our reflections to accompany him in the jungle of technological innovations and guarantee him the freedom to choose the payment experience that fits best the shopping experiences sought by their consumers.<\/p>\n\n\t<\/div>\n\n<\/div>\n\n\t\t<\/div>\n\t<\/div>\n\n\n\n<div class=\"col-12 col-xl-6\">\n\t\t\t<div class=\"h-100 bg-secondary p-5\">\n\t\t\t\n<div class=\"wp-bootstrap-blocks-row row align-items-md-center align-items-xl-start\">\n\t\n\n<div class=\"col-12 col-md-3 col-xl-4\">\n\t\t\t\n\n<figure class=\"wp-block-image size-large\"><img decoding=\"async\" width=\"91\" height=\"82\" src=\"https:\/\/nepting.com\/wp-content\/uploads\/2022\/08\/icon-experience.svg\" alt=\"\" class=\"wp-image-1072\"\/><\/figure>\n\n\t<\/div>\n\n\n\n<div class=\"col-12 col-md-9 col-xl-8\">\n\t\t\t\n\n<p style=\"font-size:1.2em\"><strong><a href=\"https:\/\/www.nepting.com\/\" target=\"_blank\" rel=\"noreferrer noopener\">Experience<\/a><\/strong><\/p>\n\n\n\n<p>We provide our customers with more than 30 years of experience in the field of card payment transactions to ensure optimal security and scalability of our services, while ensuring that our solution always meets market expectations.<\/p>\n\n\t<\/div>\n\n<\/div>\n\n\t\t<\/div>\n\t<\/div>\n\n<\/div>\n\n\n\n<div style=\"height:24px\" aria-hidden=\"true\" class=\"wp-block-spacer\"><\/div>\n\n\n<div class=\"wp-bootstrap-blocks-row row gy-4\">\n\t\n\n<div class=\"col-12 col-xl-6\">\n\t\t\t<div class=\"h-100 bg-secondary p-5\">\n\t\t\t\n<div class=\"wp-bootstrap-blocks-row row align-items-md-center align-items-xl-start\">\n\t\n\n<div class=\"col-12 col-md-3 col-xl-4\">\n\t\t\t\n\n<figure class=\"wp-block-image size-large\"><img decoding=\"async\" width=\"100\" height=\"70\" src=\"https:\/\/nepting.com\/wp-content\/uploads\/2022\/08\/icon-vision.svg\" alt=\"\" class=\"wp-image-1074\"\/><\/figure>\n\n\t<\/div>\n\n\n\n<div class=\"col-12 col-md-9 col-xl-8\">\n\t\t\t\n\n<p style=\"font-size:1.2em\"><strong>Visionary<\/strong><\/p>\n\n\n\n<p>We believe that the world of the retail journey is in constant motion and that our role is to bring technology to Merchants so that they can follow this movement in time as freely and simply as possible.<\/p>\n\n\t<\/div>\n\n<\/div>\n\n\t\t<\/div>\n\t<\/div>\n\n\n\n<div class=\"col-12 col-xl-6\">\n\t\t\t<div class=\"h-100 bg-secondary p-5\">\n\t\t\t\n<div class=\"wp-bootstrap-blocks-row row align-items-md-center align-items-xl-start\">\n\t\n\n<div class=\"col-12 col-md-3 col-xl-4\">\n\t\t\t\n\n<figure class=\"wp-block-image size-large\"><img decoding=\"async\" width=\"110\" height=\"93\" src=\"https:\/\/nepting.com\/wp-content\/uploads\/2022\/08\/icon-agilite.svg\" alt=\"\" class=\"wp-image-1076\"\/><\/figure>\n\n\t<\/div>\n\n\n\n<div class=\"col-12 col-md-9 col-xl-8\">\n\t\t\t\n\n<p style=\"font-size:1.2em\"><strong>Agility<\/strong><\/p>\n\n\n\n<p>We offer <a href=\"https:\/\/www.nepting.com\/nos-clients\/\">our Clients<\/a> advice, support and above all our ability to adapt to their new expectations, their new needs, the new market conditions.<\/p>\n\n\t<\/div>\n\n<\/div>\n\n\t\t<\/div>\n\t<\/div>\n\n<\/div>\n\n\n\n<div style=\"height:24px\" aria-hidden=\"true\" class=\"wp-block-spacer\"><\/div>\n\n\n<div class=\"wp-bootstrap-blocks-row row gy-4\">\n\t\n\n<div class=\"col-12\">\n\t\t\t<div class=\"h-100 bg-secondary p-5\">\n\t\t\t\n<div class=\"wp-bootstrap-blocks-row row align-items-md-center align-items-xl-start\">\n\t\n\n<div class=\"col-12 col-md-3 col-xl-2\">\n\t\t\t\n\n<figure class=\"wp-block-image size-large\"><img decoding=\"async\" width=\"85\" height=\"97\" src=\"https:\/\/nepting.com\/wp-content\/uploads\/2022\/08\/icon-savoir-faire.svg\" alt=\"About US\" class=\"wp-image-1078\"\/><\/figure>\n\n\t<\/div>\n\n\n\n<div class=\"col-12 col-md-9 col-xl-10\">\n\t\t\t\n\n<p style=\"font-size:1.2em\"><strong>Know-how<\/strong><\/p>\n\n\n\n<p>We know payment and acceptance technologies well, this knowledge comes from the diversity of our technical, service, support and sales team. Everyone brings to the daily basis his knowledge, his experience, his vision to grow the solutions at the disposal of Merchants.<\/p>\n\n\t<\/div>\n\n<\/div>\n\n\t\t<\/div>\n\t<\/div>\n\n<\/div>\n\n\t<\/div>\n\n<\/div>\n\n<\/div>\n\n\n\n<figure class=\"wp-block-image size-large is-resized text-end d-none d-md-block\"><img decoding=\"async\" width=\"298\" height=\"349\" src=\"\/\/nepting.com\/wp-content\/uploads\/2022\/08\/icon-rejoignez.svg\" alt=\"About US\" class=\"wp-image-941\" style=\"width:203px;height:250px\"\/><\/figure>\n\n\n\n<div class=\"wp-block-cover is-light block-history\"><span aria-hidden=\"true\" class=\"wp-block-cover__background has-background-dim-0 has-background-dim\"><\/span><img decoding=\"async\" width=\"849\" height=\"1183\" class=\"wp-block-cover__image-background wp-image-944\" alt=\"\" src=\"https:\/\/nepting.com\/wp-content\/uploads\/2022\/08\/img-notre-histoire.svg\" style=\"object-position:0% 0%\" data-object-fit=\"cover\" data-object-position=\"0% 0%\"\/><div class=\"wp-block-cover__inner-container is-layout-flow wp-block-cover-is-layout-flow\"><div class=\"wp-bootstrap-blocks-container container mb-2\">\n\t\n<div class=\"wp-bootstrap-blocks-row row\">\n\t\n\n<div class=\"col-12 col-lg-10 offset-lg-1\">\n\t\t\t\n\n<div style=\"height:214px\" aria-hidden=\"true\" class=\"wp-block-spacer\"><\/div>\n\n\n\n<h2 class=\"wp-block-heading has-large-font-size\"><strong>Our Story<\/strong><\/h2>\n\n\n<div class=\"wp-block-image d-none d-md-block\">\n<figure class=\"aligncenter size-large\"><img decoding=\"async\" width=\"976\" height=\"1673\" src=\"https:\/\/nepting.com\/wp-content\/uploads\/2022\/08\/img-timeline-desktop-1.svg\" alt=\"About US\" class=\"wp-image-1114\"\/><\/figure>\n<\/div>\n\n\n<figure class=\"wp-block-image size-large d-md-none\"><img decoding=\"async\" width=\"516\" height=\"2011\" src=\"https:\/\/nepting.com\/wp-content\/uploads\/2022\/08\/time-line-516-EN.svg\" alt=\"\" class=\"wp-image-1471\"\/><\/figure>\n\n\n\n<div style=\"height:60px\" aria-hidden=\"true\" class=\"wp-block-spacer\"><\/div>\n\n\t<\/div>\n\n<\/div>\n\n<\/div>\n\n\n\n<figure class=\"wp-block-image size-large block-history-bottom-curve\"><img decoding=\"async\" width=\"515\" height=\"766\" src=\"\/\/nepting.com\/wp-content\/uploads\/2022\/08\/icon-beige-bottom.svg\" alt=\"\" class=\"wp-image-974\"\/><\/figure>\n<\/div><\/div>\n","protected":false},"excerpt":{"rendered":"<p>Our Team<\/p>\n","protected":false},"author":1,"featured_media":0,"parent":0,"menu_order":0,"comment_status":"closed","ping_status":"closed","template":"","meta":{"_acf_changed":false,"content-type":"","_monsterinsights_skip_tracking":false,"_monsterinsights_sitenote_active":false,"_monsterinsights_sitenote_note":"","_monsterinsights_sitenote_category":0,"footnotes":""},"class_list":["post-365","page","type-page","status-publish","hentry"],"acf":[],"yoast_head":"<!-- This site is optimized with the Yoast SEO plugin v27.3 - https:\/\/yoast.com\/product\/yoast-seo-wordpress\/ -->\n<title>About Us - Nepting<\/title>\n<meta name=\"description\" content=\"About US - We offer our customers more than 20 years of experience in card and other payment solutions...\" \/>\n<meta name=\"robots\" content=\"index, follow, max-snippet:-1, max-image-preview:large, max-video-preview:-1\" \/>\n<link rel=\"canonical\" href=\"https:\/\/www.nepting.com\/en\/about\/\" \/>\n<meta property=\"og:locale\" content=\"en_US\" \/>\n<meta property=\"og:type\" content=\"article\" \/>\n<meta property=\"og:title\" content=\"About Us - Nepting\" \/>\n<meta property=\"og:description\" content=\"About US - We offer our customers more than 20 years of experience in card and other payment solutions...\" \/>\n<meta property=\"og:url\" content=\"https:\/\/www.nepting.com\/en\/about\/\" \/>\n<meta property=\"og:site_name\" content=\"Nepting\" \/>\n<meta property=\"article:modified_time\" content=\"2023-10-23T08:56:12+00:00\" \/>\n<meta property=\"og:image\" content=\"https:\/\/nepting.com\/wp-content\/uploads\/2022\/08\/img-montpellier-781-1233x683.jpg\" \/>\n<meta name=\"twitter:card\" content=\"summary_large_image\" \/>\n<meta name=\"twitter:label1\" content=\"Est. reading time\" \/>\n\t<meta name=\"twitter:data1\" content=\"6 minutes\" \/>\n<script type=\"application\/ld+json\" class=\"yoast-schema-graph\">{\"@context\":\"https:\\\/\\\/schema.org\",\"@graph\":[{\"@type\":\"WebPage\",\"@id\":\"https:\\\/\\\/www.nepting.com\\\/en\\\/about\\\/\",\"url\":\"https:\\\/\\\/www.nepting.com\\\/en\\\/about\\\/\",\"name\":\"About Us - Nepting\",\"isPartOf\":{\"@id\":\"https:\\\/\\\/www.nepting.com\\\/en\\\/#website\"},\"primaryImageOfPage\":{\"@id\":\"https:\\\/\\\/www.nepting.com\\\/en\\\/about\\\/#primaryimage\"},\"image\":{\"@id\":\"https:\\\/\\\/www.nepting.com\\\/en\\\/about\\\/#primaryimage\"},\"thumbnailUrl\":\"https:\\\/\\\/nepting.com\\\/wp-content\\\/uploads\\\/2022\\\/08\\\/img-montpellier-781-1233x683.jpg\",\"datePublished\":\"2022-07-19T15:18:26+00:00\",\"dateModified\":\"2023-10-23T08:56:12+00:00\",\"description\":\"About US - We offer our customers more than 20 years of experience in card and other payment solutions...\",\"breadcrumb\":{\"@id\":\"https:\\\/\\\/www.nepting.com\\\/en\\\/about\\\/#breadcrumb\"},\"inLanguage\":\"en-US\",\"potentialAction\":[{\"@type\":\"ReadAction\",\"target\":[\"https:\\\/\\\/www.nepting.com\\\/en\\\/about\\\/\"]}]},{\"@type\":\"ImageObject\",\"inLanguage\":\"en-US\",\"@id\":\"https:\\\/\\\/www.nepting.com\\\/en\\\/about\\\/#primaryimage\",\"url\":\"https:\\\/\\\/nepting.com\\\/wp-content\\\/uploads\\\/2022\\\/08\\\/img-montpellier-781-1233x683.jpg\",\"contentUrl\":\"https:\\\/\\\/nepting.com\\\/wp-content\\\/uploads\\\/2022\\\/08\\\/img-montpellier-781-1233x683.jpg\"},{\"@type\":\"BreadcrumbList\",\"@id\":\"https:\\\/\\\/www.nepting.com\\\/en\\\/about\\\/#breadcrumb\",\"itemListElement\":[{\"@type\":\"ListItem\",\"position\":1,\"name\":\"Home\",\"item\":\"https:\\\/\\\/www.nepting.com\\\/en\\\/\"},{\"@type\":\"ListItem\",\"position\":2,\"name\":\"About Us\"}]},{\"@type\":\"WebSite\",\"@id\":\"https:\\\/\\\/www.nepting.com\\\/en\\\/#website\",\"url\":\"https:\\\/\\\/www.nepting.com\\\/en\\\/\",\"name\":\"www.nepting.com\",\"description\":\"Le paiement en mouvement\",\"publisher\":{\"@id\":\"https:\\\/\\\/www.nepting.com\\\/en\\\/#organization\"},\"potentialAction\":[{\"@type\":\"SearchAction\",\"target\":{\"@type\":\"EntryPoint\",\"urlTemplate\":\"https:\\\/\\\/www.nepting.com\\\/en\\\/?s={search_term_string}\"},\"query-input\":{\"@type\":\"PropertyValueSpecification\",\"valueRequired\":true,\"valueName\":\"search_term_string\"}}],\"inLanguage\":\"en-US\"},{\"@type\":\"Organization\",\"@id\":\"https:\\\/\\\/www.nepting.com\\\/en\\\/#organization\",\"name\":\"Nepting\",\"url\":\"https:\\\/\\\/www.nepting.com\\\/en\\\/\",\"logo\":{\"@type\":\"ImageObject\",\"inLanguage\":\"en-US\",\"@id\":\"https:\\\/\\\/www.nepting.com\\\/en\\\/#\\\/schema\\\/logo\\\/image\\\/\",\"url\":\"https:\\\/\\\/www.nepting.com\\\/wp-content\\\/uploads\\\/2023\\\/05\\\/final.png\",\"contentUrl\":\"https:\\\/\\\/www.nepting.com\\\/wp-content\\\/uploads\\\/2023\\\/05\\\/final.png\",\"width\":112,\"height\":112,\"caption\":\"Nepting\"},\"image\":{\"@id\":\"https:\\\/\\\/www.nepting.com\\\/en\\\/#\\\/schema\\\/logo\\\/image\\\/\"},\"sameAs\":[\"https:\\\/\\\/www.linkedin.com\\\/company\\\/9402864\"]}]}<\/script>\n<!-- \/ Yoast SEO plugin. -->","yoast_head_json":{"title":"About Us - Nepting","description":"About US - We offer our customers more than 20 years of experience in card and other payment solutions...","robots":{"index":"index","follow":"follow","max-snippet":"max-snippet:-1","max-image-preview":"max-image-preview:large","max-video-preview":"max-video-preview:-1"},"canonical":"https:\/\/www.nepting.com\/en\/about\/","og_locale":"en_US","og_type":"article","og_title":"About Us - Nepting","og_description":"About US - We offer our customers more than 20 years of experience in card and other payment solutions...","og_url":"https:\/\/www.nepting.com\/en\/about\/","og_site_name":"Nepting","article_modified_time":"2023-10-23T08:56:12+00:00","og_image":[{"url":"https:\/\/nepting.com\/wp-content\/uploads\/2022\/08\/img-montpellier-781-1233x683.jpg","type":"","width":"","height":""}],"twitter_card":"summary_large_image","twitter_misc":{"Est. reading time":"6 minutes"},"schema":{"@context":"https:\/\/schema.org","@graph":[{"@type":"WebPage","@id":"https:\/\/www.nepting.com\/en\/about\/","url":"https:\/\/www.nepting.com\/en\/about\/","name":"About Us - Nepting","isPartOf":{"@id":"https:\/\/www.nepting.com\/en\/#website"},"primaryImageOfPage":{"@id":"https:\/\/www.nepting.com\/en\/about\/#primaryimage"},"image":{"@id":"https:\/\/www.nepting.com\/en\/about\/#primaryimage"},"thumbnailUrl":"https:\/\/nepting.com\/wp-content\/uploads\/2022\/08\/img-montpellier-781-1233x683.jpg","datePublished":"2022-07-19T15:18:26+00:00","dateModified":"2023-10-23T08:56:12+00:00","description":"About US - We offer our customers more than 20 years of experience in card and other payment solutions...","breadcrumb":{"@id":"https:\/\/www.nepting.com\/en\/about\/#breadcrumb"},"inLanguage":"en-US","potentialAction":[{"@type":"ReadAction","target":["https:\/\/www.nepting.com\/en\/about\/"]}]},{"@type":"ImageObject","inLanguage":"en-US","@id":"https:\/\/www.nepting.com\/en\/about\/#primaryimage","url":"https:\/\/nepting.com\/wp-content\/uploads\/2022\/08\/img-montpellier-781-1233x683.jpg","contentUrl":"https:\/\/nepting.com\/wp-content\/uploads\/2022\/08\/img-montpellier-781-1233x683.jpg"},{"@type":"BreadcrumbList","@id":"https:\/\/www.nepting.com\/en\/about\/#breadcrumb","itemListElement":[{"@type":"ListItem","position":1,"name":"Home","item":"https:\/\/www.nepting.com\/en\/"},{"@type":"ListItem","position":2,"name":"About Us"}]},{"@type":"WebSite","@id":"https:\/\/www.nepting.com\/en\/#website","url":"https:\/\/www.nepting.com\/en\/","name":"www.nepting.com","description":"Le paiement en mouvement","publisher":{"@id":"https:\/\/www.nepting.com\/en\/#organization"},"potentialAction":[{"@type":"SearchAction","target":{"@type":"EntryPoint","urlTemplate":"https:\/\/www.nepting.com\/en\/?s={search_term_string}"},"query-input":{"@type":"PropertyValueSpecification","valueRequired":true,"valueName":"search_term_string"}}],"inLanguage":"en-US"},{"@type":"Organization","@id":"https:\/\/www.nepting.com\/en\/#organization","name":"Nepting","url":"https:\/\/www.nepting.com\/en\/","logo":{"@type":"ImageObject","inLanguage":"en-US","@id":"https:\/\/www.nepting.com\/en\/#\/schema\/logo\/image\/","url":"https:\/\/www.nepting.com\/wp-content\/uploads\/2023\/05\/final.png","contentUrl":"https:\/\/www.nepting.com\/wp-content\/uploads\/2023\/05\/final.png","width":112,"height":112,"caption":"Nepting"},"image":{"@id":"https:\/\/www.nepting.com\/en\/#\/schema\/logo\/image\/"},"sameAs":["https:\/\/www.linkedin.com\/company\/9402864"]}]}},"_links":{"self":[{"href":"https:\/\/www.nepting.com\/en\/wp-json\/wp\/v2\/pages\/365","targetHints":{"allow":["GET"]}}],"collection":[{"href":"https:\/\/www.nepting.com\/en\/wp-json\/wp\/v2\/pages"}],"about":[{"href":"https:\/\/www.nepting.com\/en\/wp-json\/wp\/v2\/types\/page"}],"author":[{"embeddable":true,"href":"https:\/\/www.nepting.com\/en\/wp-json\/wp\/v2\/users\/1"}],"replies":[{"embeddable":true,"href":"https:\/\/www.nepting.com\/en\/wp-json\/wp\/v2\/comments?post=365"}],"version-history":[{"count":216,"href":"https:\/\/www.nepting.com\/en\/wp-json\/wp\/v2\/pages\/365\/revisions"}],"predecessor-version":[{"id":2587,"href":"https:\/\/www.nepting.com\/en\/wp-json\/wp\/v2\/pages\/365\/revisions\/2587"}],"wp:attachment":[{"href":"https:\/\/www.nepting.com\/en\/wp-json\/wp\/v2\/media?parent=365"}],"curies":[{"name":"wp","href":"https:\/\/api.w.org\/{rel}","templated":true}]}}