{"id":3020,"date":"2023-10-05T09:13:43","date_gmt":"2023-10-05T09:13:43","guid":{"rendered":"https:\/\/www.nepting.com\/?page_id=3020"},"modified":"2024-05-13T13:14:50","modified_gmt":"2024-05-13T13:14:50","slug":"cookie-policy","status":"publish","type":"page","link":"https:\/\/www.nepting.com\/en\/cookie-policy\/","title":{"rendered":"Cookie Policy"},"content":{"rendered":"\n<style>\n    #main-content {\n        margin-left: 2cm;\n    }\n<\/style>\n\n\n\n<h1 class=\"wp-block-heading\">Cookie Policy<\/h1>\n\n\n\n<div style=\"height:26px\" aria-hidden=\"true\" class=\"wp-block-spacer\"><\/div>\n\n\n\n<h4 class=\"wp-block-heading\">1. WHAT IS A COOKIE?<\/h4>\n\n\n\n<p>A cookie is a small file stored by a server on a user&#8217;s device (computer, telephone, etc.) and associated with a web domain (i.e. in most cases with all the pages of a single website). This file is automatically sent back when the user contacts the same domain again.<\/p>\n\n\n\n<p>Stored in memory on the user&#8217;s device, cookies have multiple uses. For example, they can be used to memorize your customer ID, the current contents of your shopping cart, the language in which the web page is displayed, an identifier that can be used to track your browsing for statistical or advertising purposes, and so on. Some of these uses are strictly necessary for the functionalities expressly requested by the user, or to establish a connection, and are therefore exempt from consent. Others, which do not correspond to these criteria, require the user&#8217;s consent before reading or writing.<\/p>\n\n\n\n<hr class=\"wp-block-separator has-alpha-channel-opacity\"\/>\n\n\n\n<h4 class=\"wp-block-heading\">2. NEPTING AND COOKIE MANAGEMENT<\/h4>\n\n\n\n<p>For all data processing related to the collection of cookies, NEPTING; soci\u00e9t\u00e9 par actions simplifi\u00e9e, RCS Montpellier B 753 521 335, with capital of 45,000, 00\u20ac having its registered office at 90 rue de la Sauge, 34130 Saint-Aun\u00e8s; determines the means and purposes of the Processing.<\/p>\n\n\n\n<p>As such, NEPTING acts as a Data Controller, within the meaning of the Personal Data Regulations, and in particular Regulation (EU) 2016\/679 on the protection of individuals with regard to the Processing of Personal Data and on the free movement of such Data.<\/p>\n\n\n\n<p>NEPTING attaches the utmost importance and care to the protection of privacy and Personal Data, as well as to compliance with the provisions of the applicable Legislation.<\/p>\n\n\n\n<p>The purpose of this Policy is to provide simple, clear information on how your Data is collected through the cookies placed on the website.<\/p>\n\n\n\n<hr class=\"wp-block-separator has-alpha-channel-opacity\"\/>\n\n\n\n<h4 class=\"wp-block-heading\">3. ARE COOKIES DEPOSITED WHEN YOU BROWSE THE WEBSITE?<\/h4>\n\n\n\n<p>On the first visit to the NEPTING website, a banner informs users of the presence of cookies and invites them to indicate their choice.<\/p>\n\n\n\n<p>Cookies requiring consent in accordance with regulations are only placed if they are accepted by the user.<\/p>\n\n\n\n<p>At any time, the user can set the parameters to accept or refuse cookies by going to the [Cookie management] page at the bottom of each page of the site, or by configuring his\/her browser.<\/p>\n\n\n\n<hr class=\"wp-block-separator has-alpha-channel-opacity\"\/>\n\n\n\n<h4 class=\"wp-block-heading\">4. WHAT DATA IS COLLECTED THROUGH COOKIES?<\/h4>\n\n\n\n<p>Cookies can be used to collect all data relating to a device at a given time, in particular:<\/p>\n\n\n\n<ul class=\"wp-block-list\">\n<li>One or more technical identifiers used to identify the Internet box;<\/li>\n\n\n\n<li>The date, time and duration of a terminal&#8217;s connection to a Website;<\/li>\n\n\n\n<li>The Internet address of the page from which the terminal accessing the Website originates;<\/li>\n\n\n\n<li>The type of terminal operating system (e.g. Windows, MacOs, Linux, Unix, etc.);<\/li>\n\n\n\n<li>The type and version of browser software used by the terminal (Internet Explorer, Firefox, Safari, Chrome, Opera, etc.);<\/li>\n\n\n\n<li>Make and model of mobile terminal or tablet;<\/li>\n\n\n\n<li>The language of the browsing software used by the terminal;<\/li>\n\n\n\n<li>The characteristics of the content consulted and shared;<\/li>\n<\/ul>\n\n\n\n<hr class=\"wp-block-separator has-alpha-channel-opacity\"\/>\n\n\n\n<h4 class=\"wp-block-heading\">5. WHAT ARE THE PURPOSES OF THE COOKIES COLLECTED?<\/h4>\n\n\n\n<p>On the www.nepting.com website, NEPTING uses cookies for the following purposes:<\/p>\n\n\n\n<ul class=\"wp-block-list\">\n<li>Cookies necessary for the personalization and operation of the website: they enable the user to use the main functions of the site, and in particular to record information between two visits to the site on the same device, to record session connection identifiers, and to personalize the interface (choice of language or presentation). They do not require the user&#8217;s prior consent. These cookies are essential for the proper functioning of the Site. If the user refuses to accept these cookies on his\/her terminal or browser, or if he\/she deletes them, he\/she will be informed that navigation and experience on the Site may be limited.<\/li>\n\n\n\n<li>Analytical, statistical or website audience measurement cookies: These make it possible to determine the use and audience performance of the site, and to improve its operation for visitors. For example, they make it possible to establish statistics and volumes of frequentation and use of the various elements that make up the site (sections and content visited, path taken), in order to improve the interest and ergonomics of the site.<\/li>\n\n\n\n<li>Advertising cookies: these enable us to choose in real time which advertisements to display on third-party sites. These cookies are deposited only when the user has expressly consented to them via the banner displayed on first connection.<\/li>\n<\/ul>\n\n\n\n<figure class=\"wp-block-image size-full\"><img decoding=\"async\" width=\"722\" height=\"2560\" src=\"https:\/\/www.nepting.com\/wp-content\/uploads\/2024\/01\/Politique-Cookies-11.01.24-scaled.jpg\" alt=\"\" class=\"wp-image-2749\" srcset=\"https:\/\/www.nepting.com\/wp-content\/uploads\/2024\/01\/Politique-Cookies-11.01.24-scaled.jpg 722w, https:\/\/www.nepting.com\/wp-content\/uploads\/2024\/01\/Politique-Cookies-11.01.24-768x2723.jpg 768w, https:\/\/www.nepting.com\/wp-content\/uploads\/2024\/01\/Politique-Cookies-11.01.24-433x1536.jpg 433w, https:\/\/www.nepting.com\/wp-content\/uploads\/2024\/01\/Politique-Cookies-11.01.24-578x2048.jpg 578w\" sizes=\"(max-width: 722px) 100vw, 722px\" \/><\/figure>\n\n\n\n<hr class=\"wp-block-separator has-alpha-channel-opacity\"\/>\n\n\n\n<h4 class=\"wp-block-heading\">6. WHO SETS COOKIES ON THE WEBSITE?<\/h4>\n\n\n\n<p>The entities depositing cookies on the website are :<\/p>\n\n\n\n<ul class=\"wp-block-list\">\n<li>The publisher of the site is <a href=\"https:\/\/www.nepting.com\" target=\"_blank\" rel=\"noreferrer noopener\">NEPTING<\/a> and NEPTING&#8217;s subcontractors namely the technical service providers who process Navigation Data on behalf of NEPTING,<\/li>\n<\/ul>\n\n\n\n<p>Our third-party partners:<\/p>\n\n\n\n<ul class=\"wp-block-list\">\n<li>Google Analytics,<\/li>\n\n\n\n<li><a href=\"https:\/\/www.hubspot.com\/\">HubSpot<\/a>,<\/li>\n\n\n\n<li><a href=\"https:\/\/www.youtube.com\/\">Youtube<\/a>.<\/li>\n<\/ul>\n\n\n\n<hr class=\"wp-block-separator has-alpha-channel-opacity\"\/>\n\n\n\n<h4 class=\"wp-block-heading\">7. HOW TO MANAGE YOUR CONSENT TO THE DEPOSIT OF COOKIES?<\/h4>\n\n\n\n<p>Consent is requested from the user via the banner that appears when he\/she first connects to the NEPTING website. You can choose to accept cookies for all the purposes listed, refuse them or personalize your choice.<\/p>\n\n\n\n<p>Users may withdraw their consent at any time by going to the [Cookie management] page at the bottom of each page of the www.nepting.com website.<\/p>\n\n\n\n<hr class=\"wp-block-separator has-alpha-channel-opacity\"\/>\n\n\n\n<h4 class=\"wp-block-heading\">8. HOW TO SET COOKIES ON WEB BROWSERS?<\/h4>\n\n\n\n<p>It is possible for users to configure their browser to accept or reject all cookies, delete cookies periodically, or to see when a cookie is issued, its validity period, and its content, etc.<\/p>\n\n\n\n<p>The user may at any time choose to block or deactivate these cookies by configuring the Internet browser on his or her computer, tablet or cell phone, in accordance with the instructions set out by the Internet browser provider and appearing on the Websites mentioned below:<\/p>\n\n\n\n<p><strong>ON INTERNET EXPLORER<\/strong><\/p>\n\n\n\n<p>Open the &#8220;Tools&#8221; menu, then select &#8220;Internet Options&#8221;; click on the &#8220;Confidentiality&#8221; tab, then the &#8220;Advanced&#8221; tab; select the desired level, or follow the link below: <a href=\"https:\/\/support.microsoft.com\/fr-fr\/help\/17442\/windows-internet-explorer-delete-manage-cookies\">https:\/\/support.microsoft.com\/fr-fr\/help\/17442\/windows-internet-explorer-delete-manage-cookies<\/a><\/p>\n\n\n\n<p><strong>ON MICROSOFT EDGE <\/strong><\/p>\n\n\n\n<p>Open the &#8220;Tools&#8221; menu, then select &#8220;Internet Options&#8221;; click on the &#8220;Privacy&#8221; tab then the &#8220;Advanced&#8221; tab choose the desired level or follow the following link: <a href=\"https:\/\/support.microsoft.com\/fr-fr\/help\/4027947\/microsoft-edge-delete-cookies\">https:\/\/support.microsoft.com\/fr-fr\/help\/4027947\/microsoft-edge-delete-cookies<\/a><\/p>\n\n\n\n<p><strong>ON MOZILLA FIREFOX<\/strong><\/p>\n\n\n\n<p>Open the &#8220;Tools&#8221; menu, then select &#8220;Options&#8221;; click on the &#8220;Privacy&#8221; tab then choose the desired options or follow this link: <a href=\"https:\/\/support.mozilla.org\/fr\/products\/firefox\/protect-your-privacy\/cookies\">https:\/\/support.mozilla.org\/fr\/products\/firefox\/protect-your-privacy\/cookies<\/a><\/p>\n\n\n\n<p><strong>ON SAFARI MAC\/IPHONE\/IPAD<\/strong><\/p>\n\n\n\n<p>Select &#8220;Safari &gt; Preferences&#8221;, then click on &#8220;Security&#8221;; in the &#8220;Accept cookies&#8221; section, choose the desired options or follow this link:<\/p>\n\n\n\n<p><a href=\"https:\/\/support.apple.com\/fr-fr\/HT201265\">https:\/\/support.apple.com\/fr-fr\/HT201265<\/a> or<\/p>\n\n\n\n<p><a href=\"https:\/\/support.apple.com\/fr-fr\/guide\/safari\/sfri11471\/mac\">https:\/\/support.apple.com\/fr-fr\/guide\/safari\/sfri11471\/mac<\/a><br><\/p>\n\n\n\n<p><strong>ON GOOGLE CHROME<\/strong><\/p>\n\n\n\n<p>Open the configuration menu (wrench logo), then select &#8220;Options&#8221;; click on &#8220;Advanced options&#8221; then in the &#8220;Privacy&#8221; section, click on &#8220;Content settings&#8221;, and choose the desired options or follow the following link: <a href=\"https:\/\/support.google.com\/chrome\/answer\/95647?hl=fr\">https:\/\/support.google.com\/chrome\/answer\/95647?hl=fr<\/a><\/p>\n\n\n\n<p><strong>ON IOS<\/strong><\/p>\n\n\n\n<p><a href=\"https:\/\/support.apple.com\/fr-fr\/guide\/safari\/sfri11471\/mac\">https:\/\/support.apple.com\/fr-fr\/guide\/safari\/sfri11471\/mac<\/a><\/p>\n\n\n\n<p>You can also type &#8220;cookies&#8221; in the &#8220;help&#8221; section of your browser to access the instructions for setting the parameters.<\/p>\n\n\n\n<p>For further information, please consult the CNIL website:<\/p>\n\n\n\n<p><a href=\"https:\/\/www.cnil.fr\/cnil-direct\/question\/198&gt;\">https:\/\/www.cnil.fr\/cnil-direct\/question\/198><\/a><\/p>\n\n\n\n<p class=\"has-text-align-right\"><em>Update the 11th of January 2024<\/em><\/p>\n","protected":false},"excerpt":{"rendered":"<p>Cookie Policy 1. WHAT IS A COOKIE? A cookie is a small file stored by a server on a user&#8217;s device (computer, telephone, etc.) and associated with a web domain (i.e. in most cases with all the pages of a single website). This file is automatically sent back when the user contacts the same domain [&hellip;]<\/p>\n","protected":false},"author":2,"featured_media":0,"parent":0,"menu_order":0,"comment_status":"closed","ping_status":"closed","template":"","meta":{"_acf_changed":false,"content-type":"","_monsterinsights_skip_tracking":false,"_monsterinsights_sitenote_active":false,"_monsterinsights_sitenote_note":"","_monsterinsights_sitenote_category":0,"footnotes":""},"class_list":["post-3020","page","type-page","status-publish","hentry"],"acf":[],"yoast_head":"<!-- This site is optimized with the Yoast SEO plugin v27.3 - https:\/\/yoast.com\/product\/yoast-seo-wordpress\/ -->\n<title>Cookie Policy - Nepting<\/title>\n<meta name=\"robots\" content=\"index, follow, max-snippet:-1, max-image-preview:large, max-video-preview:-1\" \/>\n<link rel=\"canonical\" href=\"https:\/\/www.nepting.com\/en\/cookie-policy\/\" \/>\n<meta property=\"og:locale\" content=\"en_US\" \/>\n<meta property=\"og:type\" content=\"article\" \/>\n<meta property=\"og:title\" content=\"Cookie Policy - Nepting\" \/>\n<meta property=\"og:description\" content=\"Cookie Policy 1. WHAT IS A COOKIE? A cookie is a small file stored by a server on a user&#8217;s device (computer, telephone, etc.) and associated with a web domain (i.e. in most cases with all the pages of a single website). This file is automatically sent back when the user contacts the same domain [&hellip;]\" \/>\n<meta property=\"og:url\" content=\"https:\/\/www.nepting.com\/en\/cookie-policy\/\" \/>\n<meta property=\"og:site_name\" content=\"Nepting\" \/>\n<meta property=\"article:modified_time\" content=\"2024-05-13T13:14:50+00:00\" \/>\n<meta property=\"og:image\" content=\"https:\/\/www.nepting.com\/wp-content\/uploads\/2024\/01\/Politique-Cookies-11.01.24-scaled.jpg\" \/>\n<meta name=\"twitter:card\" content=\"summary_large_image\" \/>\n<meta name=\"twitter:label1\" content=\"Est. reading time\" \/>\n\t<meta name=\"twitter:data1\" content=\"6 minutes\" \/>\n<script type=\"application\/ld+json\" class=\"yoast-schema-graph\">{\"@context\":\"https:\\\/\\\/schema.org\",\"@graph\":[{\"@type\":\"WebPage\",\"@id\":\"https:\\\/\\\/www.nepting.com\\\/en\\\/cookie-policy\\\/\",\"url\":\"https:\\\/\\\/www.nepting.com\\\/en\\\/cookie-policy\\\/\",\"name\":\"Cookie Policy - Nepting\",\"isPartOf\":{\"@id\":\"https:\\\/\\\/www.nepting.com\\\/en\\\/#website\"},\"primaryImageOfPage\":{\"@id\":\"https:\\\/\\\/www.nepting.com\\\/en\\\/cookie-policy\\\/#primaryimage\"},\"image\":{\"@id\":\"https:\\\/\\\/www.nepting.com\\\/en\\\/cookie-policy\\\/#primaryimage\"},\"thumbnailUrl\":\"https:\\\/\\\/www.nepting.com\\\/wp-content\\\/uploads\\\/2024\\\/01\\\/Politique-Cookies-11.01.24-scaled.jpg\",\"datePublished\":\"2023-10-05T09:13:43+00:00\",\"dateModified\":\"2024-05-13T13:14:50+00:00\",\"breadcrumb\":{\"@id\":\"https:\\\/\\\/www.nepting.com\\\/en\\\/cookie-policy\\\/#breadcrumb\"},\"inLanguage\":\"en-US\",\"potentialAction\":[{\"@type\":\"ReadAction\",\"target\":[\"https:\\\/\\\/www.nepting.com\\\/en\\\/cookie-policy\\\/\"]}]},{\"@type\":\"ImageObject\",\"inLanguage\":\"en-US\",\"@id\":\"https:\\\/\\\/www.nepting.com\\\/en\\\/cookie-policy\\\/#primaryimage\",\"url\":\"https:\\\/\\\/www.nepting.com\\\/wp-content\\\/uploads\\\/2024\\\/01\\\/Politique-Cookies-11.01.24-scaled.jpg\",\"contentUrl\":\"https:\\\/\\\/www.nepting.com\\\/wp-content\\\/uploads\\\/2024\\\/01\\\/Politique-Cookies-11.01.24-scaled.jpg\"},{\"@type\":\"BreadcrumbList\",\"@id\":\"https:\\\/\\\/www.nepting.com\\\/en\\\/cookie-policy\\\/#breadcrumb\",\"itemListElement\":[{\"@type\":\"ListItem\",\"position\":1,\"name\":\"Home\",\"item\":\"https:\\\/\\\/www.nepting.com\\\/en\\\/\"},{\"@type\":\"ListItem\",\"position\":2,\"name\":\"Cookie Policy\"}]},{\"@type\":\"WebSite\",\"@id\":\"https:\\\/\\\/www.nepting.com\\\/en\\\/#website\",\"url\":\"https:\\\/\\\/www.nepting.com\\\/en\\\/\",\"name\":\"www.nepting.com\",\"description\":\"Le paiement en mouvement\",\"publisher\":{\"@id\":\"https:\\\/\\\/www.nepting.com\\\/en\\\/#organization\"},\"potentialAction\":[{\"@type\":\"SearchAction\",\"target\":{\"@type\":\"EntryPoint\",\"urlTemplate\":\"https:\\\/\\\/www.nepting.com\\\/en\\\/?s={search_term_string}\"},\"query-input\":{\"@type\":\"PropertyValueSpecification\",\"valueRequired\":true,\"valueName\":\"search_term_string\"}}],\"inLanguage\":\"en-US\"},{\"@type\":\"Organization\",\"@id\":\"https:\\\/\\\/www.nepting.com\\\/en\\\/#organization\",\"name\":\"Nepting\",\"url\":\"https:\\\/\\\/www.nepting.com\\\/en\\\/\",\"logo\":{\"@type\":\"ImageObject\",\"inLanguage\":\"en-US\",\"@id\":\"https:\\\/\\\/www.nepting.com\\\/en\\\/#\\\/schema\\\/logo\\\/image\\\/\",\"url\":\"https:\\\/\\\/www.nepting.com\\\/wp-content\\\/uploads\\\/2023\\\/05\\\/final.png\",\"contentUrl\":\"https:\\\/\\\/www.nepting.com\\\/wp-content\\\/uploads\\\/2023\\\/05\\\/final.png\",\"width\":112,\"height\":112,\"caption\":\"Nepting\"},\"image\":{\"@id\":\"https:\\\/\\\/www.nepting.com\\\/en\\\/#\\\/schema\\\/logo\\\/image\\\/\"},\"sameAs\":[\"https:\\\/\\\/www.linkedin.com\\\/company\\\/9402864\"]}]}<\/script>\n<!-- \/ Yoast SEO plugin. -->","yoast_head_json":{"title":"Cookie Policy - Nepting","robots":{"index":"index","follow":"follow","max-snippet":"max-snippet:-1","max-image-preview":"max-image-preview:large","max-video-preview":"max-video-preview:-1"},"canonical":"https:\/\/www.nepting.com\/en\/cookie-policy\/","og_locale":"en_US","og_type":"article","og_title":"Cookie Policy - Nepting","og_description":"Cookie Policy 1. WHAT IS A COOKIE? A cookie is a small file stored by a server on a user&#8217;s device (computer, telephone, etc.) and associated with a web domain (i.e. in most cases with all the pages of a single website). This file is automatically sent back when the user contacts the same domain [&hellip;]","og_url":"https:\/\/www.nepting.com\/en\/cookie-policy\/","og_site_name":"Nepting","article_modified_time":"2024-05-13T13:14:50+00:00","og_image":[{"url":"https:\/\/www.nepting.com\/wp-content\/uploads\/2024\/01\/Politique-Cookies-11.01.24-scaled.jpg","type":"","width":"","height":""}],"twitter_card":"summary_large_image","twitter_misc":{"Est. reading time":"6 minutes"},"schema":{"@context":"https:\/\/schema.org","@graph":[{"@type":"WebPage","@id":"https:\/\/www.nepting.com\/en\/cookie-policy\/","url":"https:\/\/www.nepting.com\/en\/cookie-policy\/","name":"Cookie Policy - Nepting","isPartOf":{"@id":"https:\/\/www.nepting.com\/en\/#website"},"primaryImageOfPage":{"@id":"https:\/\/www.nepting.com\/en\/cookie-policy\/#primaryimage"},"image":{"@id":"https:\/\/www.nepting.com\/en\/cookie-policy\/#primaryimage"},"thumbnailUrl":"https:\/\/www.nepting.com\/wp-content\/uploads\/2024\/01\/Politique-Cookies-11.01.24-scaled.jpg","datePublished":"2023-10-05T09:13:43+00:00","dateModified":"2024-05-13T13:14:50+00:00","breadcrumb":{"@id":"https:\/\/www.nepting.com\/en\/cookie-policy\/#breadcrumb"},"inLanguage":"en-US","potentialAction":[{"@type":"ReadAction","target":["https:\/\/www.nepting.com\/en\/cookie-policy\/"]}]},{"@type":"ImageObject","inLanguage":"en-US","@id":"https:\/\/www.nepting.com\/en\/cookie-policy\/#primaryimage","url":"https:\/\/www.nepting.com\/wp-content\/uploads\/2024\/01\/Politique-Cookies-11.01.24-scaled.jpg","contentUrl":"https:\/\/www.nepting.com\/wp-content\/uploads\/2024\/01\/Politique-Cookies-11.01.24-scaled.jpg"},{"@type":"BreadcrumbList","@id":"https:\/\/www.nepting.com\/en\/cookie-policy\/#breadcrumb","itemListElement":[{"@type":"ListItem","position":1,"name":"Home","item":"https:\/\/www.nepting.com\/en\/"},{"@type":"ListItem","position":2,"name":"Cookie Policy"}]},{"@type":"WebSite","@id":"https:\/\/www.nepting.com\/en\/#website","url":"https:\/\/www.nepting.com\/en\/","name":"www.nepting.com","description":"Le paiement en mouvement","publisher":{"@id":"https:\/\/www.nepting.com\/en\/#organization"},"potentialAction":[{"@type":"SearchAction","target":{"@type":"EntryPoint","urlTemplate":"https:\/\/www.nepting.com\/en\/?s={search_term_string}"},"query-input":{"@type":"PropertyValueSpecification","valueRequired":true,"valueName":"search_term_string"}}],"inLanguage":"en-US"},{"@type":"Organization","@id":"https:\/\/www.nepting.com\/en\/#organization","name":"Nepting","url":"https:\/\/www.nepting.com\/en\/","logo":{"@type":"ImageObject","inLanguage":"en-US","@id":"https:\/\/www.nepting.com\/en\/#\/schema\/logo\/image\/","url":"https:\/\/www.nepting.com\/wp-content\/uploads\/2023\/05\/final.png","contentUrl":"https:\/\/www.nepting.com\/wp-content\/uploads\/2023\/05\/final.png","width":112,"height":112,"caption":"Nepting"},"image":{"@id":"https:\/\/www.nepting.com\/en\/#\/schema\/logo\/image\/"},"sameAs":["https:\/\/www.linkedin.com\/company\/9402864"]}]}},"_links":{"self":[{"href":"https:\/\/www.nepting.com\/en\/wp-json\/wp\/v2\/pages\/3020","targetHints":{"allow":["GET"]}}],"collection":[{"href":"https:\/\/www.nepting.com\/en\/wp-json\/wp\/v2\/pages"}],"about":[{"href":"https:\/\/www.nepting.com\/en\/wp-json\/wp\/v2\/types\/page"}],"author":[{"embeddable":true,"href":"https:\/\/www.nepting.com\/en\/wp-json\/wp\/v2\/users\/2"}],"replies":[{"embeddable":true,"href":"https:\/\/www.nepting.com\/en\/wp-json\/wp\/v2\/comments?post=3020"}],"version-history":[{"count":1,"href":"https:\/\/www.nepting.com\/en\/wp-json\/wp\/v2\/pages\/3020\/revisions"}],"predecessor-version":[{"id":3024,"href":"https:\/\/www.nepting.com\/en\/wp-json\/wp\/v2\/pages\/3020\/revisions\/3024"}],"wp:attachment":[{"href":"https:\/\/www.nepting.com\/en\/wp-json\/wp\/v2\/media?parent=3020"}],"curies":[{"name":"wp","href":"https:\/\/api.w.org\/{rel}","templated":true}]}}